{"id":661,"date":"2021-04-20T20:09:14","date_gmt":"2021-04-20T20:09:14","guid":{"rendered":"https:\/\/gpsites.co\/cloud\/?page_id=661"},"modified":"2023-01-14T10:28:15","modified_gmt":"2023-01-14T09:28:15","slug":"manufacturing-capacity","status":"publish","type":"page","link":"https:\/\/promaschinen.com\/en\/manufacturing-capacity\/","title":{"rendered":"Manufacturing capacity"},"content":{"rendered":"<div class=\"gb-container gb-container-55f60b4e\"><div class=\"gb-inside-container\">\n<div class=\"gb-grid-wrapper gb-grid-wrapper-96a99bbc\">\n<div class=\"gb-grid-column gb-grid-column-3e95d72f\"><div class=\"gb-container gb-container-3e95d72f animated fadeIn\"><div class=\"gb-inside-container\">\n\n<p class=\"gb-headline gb-headline-0cda95dc gb-headline-text\"><span class=\"markedContent\" id=\"page29R_mcid6\"><span role=\"presentation\" dir=\"ltr\" style=\"left: 131.04px; top: 771.758px; font-size: 18.4px; font-family: sans-serif; transform: scaleX(1.11135);\"><strong>Promaschinen<\/strong><\/span><span role=\"presentation\" dir=\"ltr\" style=\"left: 261.754px; top: 771.758px; font-size: 18.4px; font-family: sans-serif;\"><strong> <\/strong><\/span><span role=\"presentation\" dir=\"ltr\" style=\"left: 267.033px; top: 771.758px; font-size: 18.4px; font-family: sans-serif; transform: scaleX(1.17995);\"><strong>factory<\/strong><\/span><span role=\"presentation\" dir=\"ltr\" style=\"left: 332.206px; top: 771.758px; font-size: 18.4px; font-family: sans-serif;\"><strong> <\/strong><\/span><span role=\"presentation\" dir=\"ltr\" style=\"left: 337.483px; top: 771.758px; font-size: 18.4px; font-family: sans-serif; transform: scaleX(1.12728);\"><strong>consists of<\/strong><\/span><span role=\"presentation\" dir=\"ltr\" style=\"left: 435.482px; top: 771.758px; font-size: 18.4px; font-family: sans-serif;\"><strong> <\/strong><\/span><span role=\"presentation\" dir=\"ltr\" style=\"left: 446.283px; top: 771.758px; font-size: 18.4px; font-family: sans-serif; transform: scaleX(1.19756);\"><strong>following<\/strong><\/span><span role=\"presentation\" dir=\"ltr\" style=\"left: 532.009px; top: 771.758px; font-size: 18.4px; font-family: sans-serif;\"><strong> <\/strong><\/span><span role=\"presentation\" dir=\"ltr\" style=\"left: 537.317px; top: 771.758px; font-size: 18.4px; font-family: sans-serif; transform: scaleX(1.14103);\"><strong>Facilities<\/strong><\/span><span role=\"presentation\" dir=\"ltr\" style=\"left: 618.957px; top: 771.758px; font-size: 18.4px; font-family: sans-serif;\"><strong> <\/strong><\/span><span role=\"presentation\" dir=\"ltr\" style=\"left: 624.117px; top: 771.758px; font-size: 18.4px; font-family: sans-serif; transform: scaleX(1.11958);\"><strong>and<\/strong><\/span><span role=\"presentation\" dir=\"ltr\" style=\"left: 658.488px; top: 771.758px; font-size: 18.4px; font-family: sans-serif;\"><strong> <\/strong><\/span><span role=\"presentation\" dir=\"ltr\" style=\"left: 669.117px; top: 771.758px; font-size: 18.4px; font-family: sans-serif; transform: scaleX(1.08787);\"><strong>has<\/strong><\/span><span role=\"presentation\" dir=\"ltr\" style=\"left: 701.39px; top: 771.758px; font-size: 18.4px; font-family: sans-serif;\"><strong> <\/strong><\/span><span role=\"presentation\" dir=\"ltr\" style=\"left: 706.767px; top: 771.758px; font-size: 18.4px; font-family: sans-serif; transform: scaleX(1.13015);\"><strong>Equipment<\/strong><\/span><span role=\"presentation\" dir=\"ltr\" style=\"left: 806.167px; top: 771.758px; font-size: 18.4px; font-family: sans-serif;\"><strong>:<\/strong><\/span><\/span><\/p>\n\n\n\n<p>Laser cutting and Parts manufacturing facility &#8211; the 750m\u00b2, Painting shop and Machining and Assembly facility &#8211;<br>the 750m\u00b2, Design and commercial department, Inspection room, Storage 400 m\u00b2.<\/p>\n\n\n\n<figure class=\"gb-block-image gb-block-image-57187392\"><img loading=\"lazy\" decoding=\"async\" width=\"600\" height=\"800\" class=\"gb-image gb-image-57187392\" src=\"https:\/\/promaschinen.com\/en\/wp-content\/uploads\/2023\/01\/CNC-obrade-i-montaze.webp\" alt=\"CNC-obrade-i-montaze\" srcset=\"https:\/\/promaschinen.com\/en\/wp-content\/uploads\/2023\/01\/CNC-obrade-i-montaze.webp 600w, https:\/\/promaschinen.com\/en\/wp-content\/uploads\/2023\/01\/CNC-obrade-i-montaze-225x300.webp 225w\" sizes=\"auto, (max-width: 600px) 100vw, 600px\" \/><\/figure>\n\n\n\n<p class=\"gb-headline gb-headline-ad999058 gb-headline-text\"><strong>They are equipped with the following:<\/strong><\/p>\n\n<\/div><\/div><\/div>\n<\/div>\n\n\n<h4 class=\"gb-headline gb-headline-039c77ee gb-headline-text animated fadeIn\">&#8211; Laser cutting system BYSTAR 3015, 4,4 kW ( two tables 1500 x 3000mm and a rotary axis).<\/h4>\n\n\n\n<figure class=\"gb-block-image gb-block-image-0113cfa3\"><img loading=\"lazy\" decoding=\"async\" width=\"962\" height=\"504\" class=\"gb-image gb-image-0113cfa3 animated fadeIn\" src=\"https:\/\/promaschinen.com\/en\/wp-content\/uploads\/2022\/11\/lasersko-postrojenje-Bystar.webp\" srcset=\"https:\/\/promaschinen.com\/en\/wp-content\/uploads\/2022\/11\/lasersko-postrojenje-Bystar.webp 962w, https:\/\/promaschinen.com\/en\/wp-content\/uploads\/2022\/11\/lasersko-postrojenje-Bystar-300x157.webp 300w, https:\/\/promaschinen.com\/en\/wp-content\/uploads\/2022\/11\/lasersko-postrojenje-Bystar-768x402.webp 768w\" sizes=\"auto, (max-width: 962px) 100vw, 962px\" \/><\/figure>\n\n\n\n<div style=\"height:60px\" aria-hidden=\"true\" class=\"wp-block-spacer\"><\/div>\n\n\n\n<h4 class=\"gb-headline gb-headline-1af1d245 gb-headline-text animated fadeIn\">&#8211; CNC Bending Machine H\u00c4MMERLE 3P 225\/410 (225 t, 4100 mm)<\/h4>\n\n\n\n<figure class=\"gb-block-image gb-block-image-7fb56507\"><img loading=\"lazy\" decoding=\"async\" width=\"1000\" height=\"750\" class=\"gb-image gb-image-7fb56507 animated fadeIn\" src=\"https:\/\/promaschinen.com\/en\/wp-content\/uploads\/2022\/11\/CNC-masina-za-savijanje-Hammerle.webp\" srcset=\"https:\/\/promaschinen.com\/en\/wp-content\/uploads\/2022\/11\/CNC-masina-za-savijanje-Hammerle.webp 1000w, https:\/\/promaschinen.com\/en\/wp-content\/uploads\/2022\/11\/CNC-masina-za-savijanje-Hammerle-300x225.webp 300w, https:\/\/promaschinen.com\/en\/wp-content\/uploads\/2022\/11\/CNC-masina-za-savijanje-Hammerle-768x576.webp 768w\" sizes=\"auto, (max-width: 1000px) 100vw, 1000px\" \/><\/figure>\n\n\n\n<div style=\"height:60px\" aria-hidden=\"true\" class=\"wp-block-spacer\"><\/div>\n\n\n\n<h4 class=\"gb-headline gb-headline-f2586227 gb-headline-text animated fadeIn\">&#8211; PAMA \u2013 Machining center AT 130\/3<\/h4>\n\n\n\n<h4 class=\"gb-headline gb-headline-78d17270 gb-headline-text animated fadeIn\"><strong>Axes: X = 3500, Y = 2350, Z = 1950, W = 750, n = 3000 rpm, Table 2000&#215;1600 <\/strong><\/h4>\n\n\n\n<figure class=\"gb-block-image gb-block-image-0b36f298\"><img loading=\"lazy\" decoding=\"async\" width=\"1000\" height=\"665\" class=\"gb-image gb-image-0b36f298 animated fadeIn\" src=\"https:\/\/promaschinen.com\/en\/wp-content\/uploads\/2022\/11\/pama-obradni-centar.webp\" srcset=\"https:\/\/promaschinen.com\/en\/wp-content\/uploads\/2022\/11\/pama-obradni-centar.webp 1000w, https:\/\/promaschinen.com\/en\/wp-content\/uploads\/2022\/11\/pama-obradni-centar-300x200.webp 300w, https:\/\/promaschinen.com\/en\/wp-content\/uploads\/2022\/11\/pama-obradni-centar-768x511.webp 768w\" sizes=\"auto, (max-width: 1000px) 100vw, 1000px\" \/><\/figure>\n\n\n\n<div style=\"height:60px\" aria-hidden=\"true\" class=\"wp-block-spacer\"><\/div>\n\n\n\n<h4 class=\"gb-headline gb-headline-0c1dc51b gb-headline-text animated fadeIn\">&#8211; Union TNC 110- Machining center, tool magazine 40 tools.<br>Axes : X = 2000, Y = 1250, Z = 1000, W = 500, n = 4000 rpm, Table 1000&#215;1250 mm<\/h4>\n\n\n\n<figure class=\"gb-block-image gb-block-image-c7d31662\"><img loading=\"lazy\" decoding=\"async\" width=\"1000\" height=\"668\" class=\"gb-image gb-image-c7d31662 animated fadeIn\" src=\"https:\/\/promaschinen.com\/en\/wp-content\/uploads\/2022\/11\/UNION-TNC-110-obradni-centar.webp\" srcset=\"https:\/\/promaschinen.com\/en\/wp-content\/uploads\/2022\/11\/UNION-TNC-110-obradni-centar.webp 1000w, https:\/\/promaschinen.com\/en\/wp-content\/uploads\/2022\/11\/UNION-TNC-110-obradni-centar-300x200.webp 300w, https:\/\/promaschinen.com\/en\/wp-content\/uploads\/2022\/11\/UNION-TNC-110-obradni-centar-768x513.webp 768w\" sizes=\"auto, (max-width: 1000px) 100vw, 1000px\" \/><\/figure>\n\n\n\n<div style=\"height:60px\" aria-hidden=\"true\" class=\"wp-block-spacer\"><\/div>\n\n\n\n<h4 class=\"gb-headline gb-headline-d81471b7 gb-headline-text animated fadeIn\">&#8211; Union KC -130\/1 \u2013 Machining center<br>Axes : X = 3200, Y = 2000, Z = 1500, W = 750 n = 3000 o\/min, Sto 2000\u00d71600 mm<\/h4>\n\n\n\n<figure class=\"gb-block-image gb-block-image-ff7ff0cc\"><img loading=\"lazy\" decoding=\"async\" width=\"1600\" height=\"1200\" class=\"gb-image gb-image-ff7ff0cc animated fadeIn\" src=\"https:\/\/promaschinen.com\/en\/wp-content\/uploads\/2022\/12\/union-\u2013obradni-centar.webp\" alt=\"union \u2013obradni-centar\" srcset=\"https:\/\/promaschinen.com\/en\/wp-content\/uploads\/2022\/12\/union-\u2013obradni-centar.webp 1600w, https:\/\/promaschinen.com\/en\/wp-content\/uploads\/2022\/12\/union-\u2013obradni-centar-300x225.webp 300w, https:\/\/promaschinen.com\/en\/wp-content\/uploads\/2022\/12\/union-\u2013obradni-centar-1024x768.webp 1024w, https:\/\/promaschinen.com\/en\/wp-content\/uploads\/2022\/12\/union-\u2013obradni-centar-768x576.webp 768w, https:\/\/promaschinen.com\/en\/wp-content\/uploads\/2022\/12\/union-\u2013obradni-centar-1536x1152.webp 1536w\" sizes=\"auto, (max-width: 1600px) 100vw, 1600px\" \/><\/figure>\n\n\n\n<div style=\"height:60px\" aria-hidden=\"true\" class=\"wp-block-spacer\"><\/div>\n\n\n\n<h4 class=\"gb-headline gb-headline-c73b37e0 gb-headline-text animated fadeIn\">&#8211; Measuring Machine Stiefelmayer 1400x1000x1000mm<\/h4>\n\n\n\n<figure class=\"gb-block-image gb-block-image-2a2684dc\"><img loading=\"lazy\" decoding=\"async\" width=\"1000\" height=\"666\" class=\"gb-image gb-image-2a2684dc animated fadeIn\" src=\"https:\/\/promaschinen.com\/en\/wp-content\/uploads\/2022\/11\/merna-masina-stiefelmayer.webp\" srcset=\"https:\/\/promaschinen.com\/en\/wp-content\/uploads\/2022\/11\/merna-masina-stiefelmayer.webp 1000w, https:\/\/promaschinen.com\/en\/wp-content\/uploads\/2022\/11\/merna-masina-stiefelmayer-300x200.webp 300w, https:\/\/promaschinen.com\/en\/wp-content\/uploads\/2022\/11\/merna-masina-stiefelmayer-768x511.webp 768w\" sizes=\"auto, (max-width: 1000px) 100vw, 1000px\" \/><\/figure>\n\n\n\n<div style=\"height:60px\" aria-hidden=\"true\" class=\"wp-block-spacer\"><\/div>\n\n\n\n<h4 class=\"gb-headline gb-headline-44ef04ee gb-headline-text animated fadeIn\">&#8211; Painting shop<br>12 x 4 x 4m \u2013 with filtration system and drying system (60\u00ba C)<\/h4>\n\n\n\n<figure class=\"gb-block-image gb-block-image-31fc700b\"><img loading=\"lazy\" decoding=\"async\" width=\"1000\" height=\"635\" class=\"gb-image gb-image-31fc700b animated fadeIn\" src=\"https:\/\/promaschinen.com\/en\/wp-content\/uploads\/2022\/11\/komora-za-farbanje.webp\" srcset=\"https:\/\/promaschinen.com\/en\/wp-content\/uploads\/2022\/11\/komora-za-farbanje.webp 1000w, https:\/\/promaschinen.com\/en\/wp-content\/uploads\/2022\/11\/komora-za-farbanje-300x191.webp 300w, https:\/\/promaschinen.com\/en\/wp-content\/uploads\/2022\/11\/komora-za-farbanje-768x488.webp 768w\" sizes=\"auto, (max-width: 1000px) 100vw, 1000px\" \/><\/figure>\n\n\n\n<div style=\"height:60px\" aria-hidden=\"true\" class=\"wp-block-spacer\"><\/div>\n\n\n\n<h4 class=\"gb-headline gb-headline-9e04dfff gb-headline-text animated fadeIn\"><span class=\"markedContent\" id=\"page58R_mcid0\"><span role=\"presentation\" dir=\"ltr\" style=\"left: 131.04px; top: 74.0276px; font-size: 20px; font-family: sans-serif; transform: scaleX(1.14614);\">Other equipment<\/span><\/span>:<\/h4>\n\n\n\n<h4 class=\"gb-headline gb-headline-ac0f0140 gb-headline-text animated fadeIn\">&#8211; Band saw \u00d8300, \u00d8200 , Profile and tube bending machine \u00d860, Hand press 4 ton, <\/h4>\n\n\n\n<h4 class=\"gb-headline gb-headline-0d838093 gb-headline-text animated fadeIn\">&#8211; Welding equipment Fronius, Kempy, MIG\/MAG (250 &#8211; 500A), spot (25kW),<br>bolt welding, and plasma cutting 15mm.<\/h4>\n\n\n\n<div style=\"height:60px\" aria-hidden=\"true\" class=\"wp-block-spacer\"><\/div>\n\n\n\n<h4 class=\"gb-headline gb-headline-bf9613bc gb-headline-text animated fadeIn\">Hidraulic TRYOUT OMCN press \u2013 100 t<\/h4>\n\n\n\n<figure class=\"gb-block-image gb-block-image-e72038cf\"><img loading=\"lazy\" decoding=\"async\" width=\"1000\" height=\"751\" class=\"gb-image gb-image-e72038cf animated fadeIn\" src=\"https:\/\/promaschinen.com\/en\/wp-content\/uploads\/2022\/11\/hidraulicka-presa-za-ispravljanje-100-t.webp\" srcset=\"https:\/\/promaschinen.com\/en\/wp-content\/uploads\/2022\/11\/hidraulicka-presa-za-ispravljanje-100-t.webp 1000w, https:\/\/promaschinen.com\/en\/wp-content\/uploads\/2022\/11\/hidraulicka-presa-za-ispravljanje-100-t-300x225.webp 300w, https:\/\/promaschinen.com\/en\/wp-content\/uploads\/2022\/11\/hidraulicka-presa-za-ispravljanje-100-t-768x577.webp 768w\" sizes=\"auto, (max-width: 1000px) 100vw, 1000px\" \/><\/figure>\n\n\n\n<div style=\"height:60px\" aria-hidden=\"true\" class=\"wp-block-spacer\"><\/div>\n\n\n\n<h4 class=\"gb-headline gb-headline-a6588f7f gb-headline-text animated fadeIn\">Balancing machine HU 1000 (Diameter 1600mm, length 2000mm, weight 1000kg)<\/h4>\n\n\n<div class=\"gb-grid-wrapper gb-grid-wrapper-d7f868be\">\n<div class=\"gb-grid-column gb-grid-column-369f5d13\"><div class=\"gb-container gb-container-369f5d13\"><div class=\"gb-inside-container\">\n\n<figure class=\"gb-block-image gb-block-image-0f7f1ec6\"><img loading=\"lazy\" decoding=\"async\" width=\"1000\" height=\"750\" class=\"gb-image gb-image-0f7f1ec6 animated fadeInLeft\" src=\"https:\/\/promaschinen.com\/en\/wp-content\/uploads\/2022\/11\/masina-za-balansiranje-HU-1000-1.webp\" srcset=\"https:\/\/promaschinen.com\/en\/wp-content\/uploads\/2022\/11\/masina-za-balansiranje-HU-1000-1.webp 1000w, https:\/\/promaschinen.com\/en\/wp-content\/uploads\/2022\/11\/masina-za-balansiranje-HU-1000-1-300x225.webp 300w, https:\/\/promaschinen.com\/en\/wp-content\/uploads\/2022\/11\/masina-za-balansiranje-HU-1000-1-768x576.webp 768w\" sizes=\"auto, (max-width: 1000px) 100vw, 1000px\" \/><\/figure>\n\n<\/div><\/div><\/div>\n\n<div class=\"gb-grid-column gb-grid-column-6d730ee5\"><div class=\"gb-container gb-container-6d730ee5\"><div class=\"gb-inside-container\">\n\n<figure class=\"gb-block-image gb-block-image-c806e4aa\"><img loading=\"lazy\" decoding=\"async\" width=\"563\" height=\"750\" class=\"gb-image gb-image-c806e4aa animated fadeInRight\" src=\"https:\/\/promaschinen.com\/en\/wp-content\/uploads\/2022\/11\/masina-za-balansiranje-HU-1000-2.webp\" srcset=\"https:\/\/promaschinen.com\/en\/wp-content\/uploads\/2022\/11\/masina-za-balansiranje-HU-1000-2.webp 563w, https:\/\/promaschinen.com\/en\/wp-content\/uploads\/2022\/11\/masina-za-balansiranje-HU-1000-2-225x300.webp 225w\" sizes=\"auto, (max-width: 563px) 100vw, 563px\" \/><\/figure>\n\n<\/div><\/div><\/div>\n<\/div>\n\n\n<div style=\"height:60px\" aria-hidden=\"true\" class=\"wp-block-spacer\"><\/div>\n\n\n\n<h4 class=\"gb-headline gb-headline-4570e5ef gb-headline-text animated fadeIn\"><strong>Engineering and NC-programming capacity<\/strong><\/h4>\n\n\n\n<ul class=\"wp-block-list\">\n<li class=\"animated fadeIn\">Design and NC-programming engineers<\/li>\n<\/ul>\n\n\n\n<ul class=\"wp-block-list\">\n<li class=\"animated fadeIn\">Partners for the automotive industry tool design<\/li>\n<\/ul>\n\n<\/div><\/div>","protected":false},"excerpt":{"rendered":"<p>&#8211; Laser cutting system BYSTAR 3015, 4,4 kW ( two tables 1500 x 3000mm and a rotary axis). &#8211; CNC Bending Machine H\u00c4MMERLE 3P 225\/410 (225 t, 4100 mm) &#8211; PAMA \u2013 Machining center AT 130\/3 Axes: X = 3500, Y = 2350, Z = 1950, W = 750, n = 3000 rpm, Table 2000&#215;1600 &#8230; <a title=\"Manufacturing capacity\" class=\"read-more\" href=\"https:\/\/promaschinen.com\/en\/manufacturing-capacity\/\" aria-label=\"Read more about Manufacturing capacity\">Read more<\/a><\/p>\n","protected":false},"author":1,"featured_media":0,"parent":0,"menu_order":0,"comment_status":"closed","ping_status":"closed","template":"","meta":{"_seopress_robots_primary_cat":"","_seopress_titles_title":"","_seopress_titles_desc":"","_seopress_robots_index":"","_seopress_analysis_target_kw":"","pgc_sgb_lightbox_settings":"","footnotes":""},"class_list":["post-661","page","type-page","status-publish"],"_links":{"self":[{"href":"https:\/\/promaschinen.com\/en\/wp-json\/wp\/v2\/pages\/661","targetHints":{"allow":["GET"]}}],"collection":[{"href":"https:\/\/promaschinen.com\/en\/wp-json\/wp\/v2\/pages"}],"about":[{"href":"https:\/\/promaschinen.com\/en\/wp-json\/wp\/v2\/types\/page"}],"author":[{"embeddable":true,"href":"https:\/\/promaschinen.com\/en\/wp-json\/wp\/v2\/users\/1"}],"replies":[{"embeddable":true,"href":"https:\/\/promaschinen.com\/en\/wp-json\/wp\/v2\/comments?post=661"}],"version-history":[{"count":40,"href":"https:\/\/promaschinen.com\/en\/wp-json\/wp\/v2\/pages\/661\/revisions"}],"predecessor-version":[{"id":1423,"href":"https:\/\/promaschinen.com\/en\/wp-json\/wp\/v2\/pages\/661\/revisions\/1423"}],"wp:attachment":[{"href":"https:\/\/promaschinen.com\/en\/wp-json\/wp\/v2\/media?parent=661"}],"curies":[{"name":"wp","href":"https:\/\/api.w.org\/{rel}","templated":true}]}}